{"id":375,"date":"2021-12-09T10:54:13","date_gmt":"2021-12-09T09:54:13","guid":{"rendered":"https:\/\/iki-diag.com\/legals\/"},"modified":"2021-12-09T10:54:17","modified_gmt":"2021-12-09T09:54:17","slug":"legals","status":"publish","type":"page","link":"https:\/\/iki-diag.com\/en\/legals\/","title":{"rendered":"Legals"},"content":{"rendered":"\t\t<div data-elementor-type=\"wp-page\" data-elementor-id=\"375\" class=\"elementor elementor-375 elementor-192\" data-elementor-post-type=\"page\">\n\t\t\t\t\t\t<section class=\"elementor-section elementor-top-section elementor-element elementor-element-95fd0f9 elementor-section-boxed elementor-section-height-default elementor-section-height-default\" data-id=\"95fd0f9\" data-element_type=\"section\">\n\t\t\t\t\t\t<div class=\"elementor-container elementor-column-gap-default\">\n\t\t\t\t\t<div class=\"elementor-column elementor-col-100 elementor-top-column elementor-element elementor-element-aa20f68\" data-id=\"aa20f68\" data-element_type=\"column\">\n\t\t\t<div class=\"elementor-widget-wrap elementor-element-populated\">\n\t\t\t\t\t\t<div class=\"elementor-element elementor-element-595a44c elementor-widget elementor-widget-text-editor\" data-id=\"595a44c\" data-element_type=\"widget\" data-widget_type=\"text-editor.default\">\n\t\t\t\t<div class=\"elementor-widget-container\">\n\t\t\t\t\t\t\t\t\t<h1>Mentions l\u00e9gales<\/h1>\n<p>Le site https:\/\/iki-diag.com\/ est une publication de la soci\u00e9t\u00e9 Iki, 1 place Pierre Potier 31100 Toulouse<br \/>dont le repr\u00e9sentant l\u00e9gal et le directeur de la publication est Jean-Christophe Cau<\/p>\n<h2>H\u00e9bergement<\/h2>\n<p>Soci\u00e9t\u00e9 OVH<br \/>2 rue Kellermann \u2013 59100 Roubaix<br \/>https:\/\/www.ovh.com<\/p>\n<h2>D\u00e9veloppement<\/h2>\n<p>Bel et Bien Vu<br \/>21bis chemin de la gav\u00e8gue 31410 Longages<br \/>\u00a0https:\/\/www.bel-et-bien-vu.com<\/p>\n<h2>Informatique et libert\u00e9s<\/h2>\n<p>Conform\u00e9ment \u00e0 l\u2019article 34 de la loi \u00abInformatique et Libert\u00e9s\u00bb, toute personne dispose d\u2019un droit d\u2019acc\u00e8s, de modification, de rectification et de suppression des donn\u00e9es conserv\u00e9es par Iki\u00a0<\/p>\n<p>Pour l\u2019exercer, vous pouvez vous adresser \u00e0 contact@iki-diag.com<\/p>\n<h2>D\u00e9claration et responsabilit\u00e9 de l\u2019utilisateur<\/h2>\n<p>Il appartient \u00e0 l\u2019utilisateur de prendre toutes les mesures appropri\u00e9es de fa\u00e7on \u00e0 prot\u00e9ger toutes ses donn\u00e9es et logiciels de la contamination par des virus comme de tentatives d\u2019intrusion dans son syst\u00e8me informatique par des tiers via le service.<br \/>Propri\u00e9t\u00e9 intellectuelle<\/p>\n<p>L\u2019ensemble du site et chacun de ses \u00e9l\u00e9ments pris dans son ensemble ou s\u00e9par\u00e9ment rel\u00e8vent de la l\u00e9gislation fran\u00e7aise et internationale sur le droit d\u2019auteur et de la propri\u00e9t\u00e9 intellectuelle (incluant notamment la protection au titre du droit d\u2019auteur, du droit des marques, du droit des bases de donn\u00e9es, etc.).<\/p>\n<p>Tous les droits de reproduction, de repr\u00e9sentation et de communication publique sont r\u00e9serv\u00e9s, y compris pour les documents t\u00e9l\u00e9chargeables et repr\u00e9sentations visuelles, audiovisuelles, photographiques, iconographies ou autres.<\/p>\n<p>En cons\u00e9quence, L\u2019utilisateur s\u2019interdit de reproduire et\/ou utiliser les marques et logos pr\u00e9sents sur le site. L\u2019utilisateur s\u2019interdit \u00e9galement de copier, modifier, traduire, reproduire, diffuser, vendre, publier, exploiter de toute autre mani\u00e8re et diffuser dans un autre format sous forme \u00e9lectronique ou autres tout ou partie des informations pr\u00e9sentes sur le Site.<\/p>\n<h2>Droits photos et images<\/h2>\n<p>R\u00e9f\u00e9rence photos : Lo\u00efc Bel &#8211; Adobe Photostock<\/p>\n<h2>Textes applicables \u00e0 Juridiction<\/h2>\n<p>Le pr\u00e9sent contrat est soumis \u00e0 la loi fran\u00e7aise. En cas de litige, le tribunal de commerce de Toulouse sera seul comp\u00e9tent.<\/p>\n\t\t\t\t\t\t\t\t<\/div>\n\t\t\t\t<\/div>\n\t\t\t\t\t<\/div>\n\t\t<\/div>\n\t\t\t\t\t<\/div>\n\t\t<\/section>\n\t\t\t\t<\/div>\n\t\t","protected":false},"excerpt":{"rendered":"<p>Mentions l\u00e9gales Le site https:\/\/iki-diag.com\/ est une publication de la soci\u00e9t\u00e9 Iki, 1 place Pierre Potier 31100 Toulousedont le repr\u00e9sentant l\u00e9gal et le directeur de la publication est Jean-Christophe Cau H\u00e9bergement Soci\u00e9t\u00e9 OVH2 rue Kellermann \u2013 59100 Roubaixhttps:\/\/www.ovh.com D\u00e9veloppement Bel et Bien Vu21bis chemin de la gav\u00e8gue 31410 Longages\u00a0https:\/\/www.bel-et-bien-vu.com Informatique et libert\u00e9s Conform\u00e9ment \u00e0 l\u2019article [&hellip;]<\/p>\n","protected":false},"author":1,"featured_media":0,"parent":0,"menu_order":0,"comment_status":"closed","ping_status":"closed","template":"","meta":{"_acf_changed":false,"_monsterinsights_skip_tracking":false,"_monsterinsights_sitenote_active":false,"_monsterinsights_sitenote_note":"","_monsterinsights_sitenote_category":0,"_uf_show_specific_survey":0,"_uf_disable_surveys":false,"footnotes":""},"class_list":["post-375","page","type-page","status-publish","hentry"],"acf":[],"jetpack_sharing_enabled":true,"_links":{"self":[{"href":"https:\/\/iki-diag.com\/en\/wp-json\/wp\/v2\/pages\/375","targetHints":{"allow":["GET"]}}],"collection":[{"href":"https:\/\/iki-diag.com\/en\/wp-json\/wp\/v2\/pages"}],"about":[{"href":"https:\/\/iki-diag.com\/en\/wp-json\/wp\/v2\/types\/page"}],"author":[{"embeddable":true,"href":"https:\/\/iki-diag.com\/en\/wp-json\/wp\/v2\/users\/1"}],"replies":[{"embeddable":true,"href":"https:\/\/iki-diag.com\/en\/wp-json\/wp\/v2\/comments?post=375"}],"version-history":[{"count":3,"href":"https:\/\/iki-diag.com\/en\/wp-json\/wp\/v2\/pages\/375\/revisions"}],"predecessor-version":[{"id":378,"href":"https:\/\/iki-diag.com\/en\/wp-json\/wp\/v2\/pages\/375\/revisions\/378"}],"wp:attachment":[{"href":"https:\/\/iki-diag.com\/en\/wp-json\/wp\/v2\/media?parent=375"}],"curies":[{"name":"wp","href":"https:\/\/api.w.org\/{rel}","templated":true}]}}